{"id":176,"date":"2020-06-05T08:12:06","date_gmt":"2020-06-05T06:12:06","guid":{"rendered":"https:\/\/mairie-reffannes.cc-parthenay-gatine.fr\/?page_id=176"},"modified":"2020-06-05T08:12:28","modified_gmt":"2020-06-05T06:12:28","slug":"qualite-de-leau","status":"publish","type":"page","link":"https:\/\/www.mairie-reffannes.fr\/index.php\/qualite-de-leau\/","title":{"rendered":"Qualit\u00e9 de l&rsquo;eau"},"content":{"rendered":"\n<p>Vous \u00a0pouvez consulter les r\u00e9sultats d&rsquo;analyse de la qualit\u00e9 de l&rsquo;eau directement \u00e0 partir du site internet http:\/\/orobnat.sante.gouv.fr.<br>Acc\u00e9dez\u00a0directement \u00e0 la r\u00e9gion Poitou-Charentes, puis s\u00e9lectionnez le d\u00e9partement des Deux-s\u00e8vres(79) et enfin la commune de Reffannes :<\/p>\n\n\n\n<p><\/p>\n\n\n\n<p><a href=\"https:\/\/orobnat.sante.gouv.fr\/orobnat\/afficherPage.do?methode=menu&amp;usd=AEP&amp;idRegion=75&amp;dpt=079\" target=\"_blank\" rel=\"noreferrer noopener\">https:\/\/orobnat.sante.gouv.fr\/orobnat\/afficherPage.do?methode=menu&amp;usd=AEP&amp;idRegion=75&amp;dpt=079<\/a><\/p>\n","protected":false},"excerpt":{"rendered":"<p>Vous \u00a0pouvez consulter les r\u00e9sultats d&rsquo;analyse de la qualit\u00e9 de l&rsquo;eau directement \u00e0 partir du site internet http:\/\/orobnat.sante.gouv.fr.Acc\u00e9dez\u00a0directement \u00e0 la r\u00e9gion Poitou-Charentes, puis s\u00e9lectionnez le&hellip;<\/p>\n","protected":false},"author":1,"featured_media":0,"parent":0,"menu_order":0,"comment_status":"closed","ping_status":"closed","template":"","meta":{"footnotes":""},"class_list":["post-176","page","type-page","status-publish","hentry"],"_links":{"self":[{"href":"https:\/\/www.mairie-reffannes.fr\/index.php\/wp-json\/wp\/v2\/pages\/176","targetHints":{"allow":["GET"]}}],"collection":[{"href":"https:\/\/www.mairie-reffannes.fr\/index.php\/wp-json\/wp\/v2\/pages"}],"about":[{"href":"https:\/\/www.mairie-reffannes.fr\/index.php\/wp-json\/wp\/v2\/types\/page"}],"author":[{"embeddable":true,"href":"https:\/\/www.mairie-reffannes.fr\/index.php\/wp-json\/wp\/v2\/users\/1"}],"replies":[{"embeddable":true,"href":"https:\/\/www.mairie-reffannes.fr\/index.php\/wp-json\/wp\/v2\/comments?post=176"}],"version-history":[{"count":2,"href":"https:\/\/www.mairie-reffannes.fr\/index.php\/wp-json\/wp\/v2\/pages\/176\/revisions"}],"predecessor-version":[{"id":178,"href":"https:\/\/www.mairie-reffannes.fr\/index.php\/wp-json\/wp\/v2\/pages\/176\/revisions\/178"}],"wp:attachment":[{"href":"https:\/\/www.mairie-reffannes.fr\/index.php\/wp-json\/wp\/v2\/media?parent=176"}],"curies":[{"name":"wp","href":"https:\/\/api.w.org\/{rel}","templated":true}]}}