{"id":2,"date":"2020-05-05T08:40:41","date_gmt":"2020-05-05T06:40:41","guid":{"rendered":"https:\/\/mairie-reffannes.cc-parthenay-gatine.fr\/?page_id=2"},"modified":"2026-04-09T20:45:09","modified_gmt":"2026-04-09T18:45:09","slug":"page-d-exemple","status":"publish","type":"page","link":"https:\/\/www.mairie-reffannes.fr\/index.php\/la-commune\/page-d-exemple\/","title":{"rendered":"La vie communale"},"content":{"rendered":"\n<h2 class=\"wp-block-heading\">SECRETARIAT DE MAIRIE&nbsp;:<\/h2>\n\n\n\n<p>ACC\u00c8S PAR LA PLACE DE LA MAIRIE (bo\u00eete aux lettres fix\u00e9e \u00e0 droite de l\u2019entr\u00e9e)<\/p>\n\n\n\n<p>Secr\u00e9taire : Mme Corinne Valloo<\/p>\n\n\n\n<p>N\u00b0 T\u00e9l.&nbsp;(enregistreur): 05.49.70.20.85<\/p>\n\n\n\n<p><strong>Courriel<\/strong> : <a href=\"mailto:secretariat@mairie-reffannes.fr\">secretariat@<\/a><a href=\"mailto:secretariat@mairie-reffannes.fr\">mairie-reffannes.fr<\/a><\/p>\n\n\n\n<p>Site internet : <a href=\"http:\/\/www.mairie-reffannes.fr\/\"><u>http:\/\/www.mairie-reffannes.fr<\/u><\/a><\/p>\n\n\n\n<h3 class=\"wp-block-heading\">Horaires d\u2019ouverture au public&nbsp;:<\/h3>\n\n\n\n<p>Lundi 8h30 &#8211; 12h00 et 16h00 &#8211; 18h00<\/p>\n\n\n\n<p>Mardi                  Ferm\u00e9<\/p>\n\n\n\n<p>Mercredi 8h30 &#8211; 12h15<\/p>\n\n\n\n<p>Jeudi                        Ferm\u00e9<\/p>\n\n\n\n<p>Vendredi 13h30 &#8211; 18h<\/p>\n\n\n\n<p><\/p>\n\n\n\n<h2 class=\"wp-block-heading\">Personnel communal<\/h2>\n\n\n\n<h3 class=\"wp-block-heading\">Agents communaux&nbsp;:<\/h3>\n\n\n\n<p>Wilfried METAIS, M\u00e9lanie PARONNEAU( mi-temps)<\/p>\n\n\n\n<h2 class=\"wp-block-heading\">Agence Postale Communale<\/h2>\n\n\n\n<h3 class=\"wp-block-heading\">Horaires Agence Postale Communale<\/h3>\n\n\n\n<p>Mme Jessica GUILBOT<\/p>\n\n\n\n<p>Du mardi au samedi de 9h30 \u00e0 12 h15<\/p>\n\n\n\n<p>T\u00e9l : 05 49 70 22 39<\/p>\n\n\n\n<h3 class=\"wp-block-heading\">Lev\u00e9e du courrier<\/h3>\n\n\n\n<p>Bo\u00eete aux lettres de la poste \u00e0 proximit\u00e9 de l&rsquo;abri-bus sur la place<\/p>\n\n\n\n<p>&#8211; du lundi au samedi : 12 heures<\/p>\n\n\n\n<h2 class=\"wp-block-heading\">Eau<\/h2>\n\n\n\n<p>Signaler un d\u00e9m\u00e9nagement, souscrire ou annuler un contrat de fourniture d&rsquo;eau, changer de mode de paiement, demander une intervention au compteur, demander un devis de raccordement au r\u00e9seau d&rsquo;eau potable, mieux comprendre sa facture, se renseigner sur la qualit\u00e9 de l&rsquo;eau&nbsp;:<\/p>\n\n\n\n<p>t\u00e9l\u00e9phoner au p\u00f4le client\u00e8le du Syndicat mixte des Eaux de la G\u00e2tine N\u00b0 05 49 95 03 47<\/p>\n\n\n\n<h2 class=\"wp-block-heading\">Electricit\u00e9<\/h2>\n\n\n\n<p>S\u2019adresser \u00e0 S\u00e9olis &#8211; Agence de Parthenay<\/p>\n\n\n\n<p>Souscription de contrat: 09 69 39 79 01<\/p>\n\n\n\n<p>D\u00e9pannage&nbsp;: 09 69 32 14 11<\/p>\n\n\n\n<h2 class=\"wp-block-heading\">D\u00e9chets m\u00e9nagers<\/h2>\n\n\n\n<p>Le tri s\u00e9lectif est effectu\u00e9 par<\/p>\n\n\n\n<p>le Syndicat mixte \u00e0 la carte du Val de S\u00e8vres (S.M.C)<\/p>\n\n\n\n<p>Verdeil<\/p>\n\n\n\n<p>79800 Sainte-Eanne<\/p>\n\n\n\n<p>T\u00e9l\u00e9phone&nbsp;: 05.49.05.37.10<\/p>\n\n\n\n<p>D\u00e9p\u00f4ts des d\u00e9chets m\u00e9nagers dans les bacs individuels (vert).<\/p>\n\n\n\n<p>Ramassage le mercredi des semaines impaires<\/p>\n\n\n\n<p>D\u00e9p\u00f4ts des d\u00e9chets recyclables dans les bacs individuels (jaune).<\/p>\n\n\n\n<p>Ramassage le mercredi des semaines paires<\/p>\n\n\n\n<p>Sortir les bacs le mardi soir et les rentrer le plus rapidement possible apr\u00e8s passage du SMC.<\/p>\n\n\n\n<blockquote class=\"wp-block-quote is-layout-flow wp-block-quote-is-layout-flow\"><p>RAPPEL&nbsp;: Les bacs sont sous votre responsabilit\u00e9 d\u00e8s lors qu&rsquo;ils sont sur la voie publique<\/p><\/blockquote>\n\n\n\n<p>D\u00e9p\u00f4ts dans des bacs d&rsquo;apport volontaire (verre) dans les conteneurs sp\u00e9cifiques (parking en face de l&rsquo;\u00e9glise, lotissement de la Barerie et des Breni\u00e8res ).<\/p>\n\n\n\n<h2 class=\"wp-block-heading\">BIBLIOTHEQUE COMMUNALE \u00ab Brin de lecture \u00bb<\/h2>\n\n\n\n<p>Situ\u00e9e au rez-de-chauss\u00e9e de la salle polyvalente, acc\u00e8s par l\u2019avenue de la Grande Auberge, y compris pour les personnes \u00e0 mobilit\u00e9 r\u00e9duite.<\/p>\n\n\n\n<p>Pr\u00eat gratuit<\/p>\n\n\n\n<h3 class=\"wp-block-heading\">Horaires d\u2019ouverture tout public :<\/h3>\n\n\n\n<p><br>&#8211; Mercredi de 16h \u00e0 18h<br>&#8211; Samedi de 10h \u00e0 12h<\/p>\n\n\n\n<p><\/p>\n\n\n\n<p>Le d\u00e9p\u00f4t de la Biblioth\u00e8que D\u00e9partementale des Deux-S\u00e8vres est renouvel\u00e9 tous les quatre mois.<\/p>\n\n\n\n<h2 class=\"wp-block-heading\">Assistante Sociale<\/h2>\n\n\n\n<p>Contacter le centre m\u00e9dico social de Parthenay au 05 49 94 90 40 pour tous renseignements sur les permanences assur\u00e9es par les assistantes sociales.<\/p>\n\n\n\n<h2 class=\"wp-block-heading\">Gendarmerie<\/h2>\n\n\n\n<p>Permanence de M\u00e9nigoute : 05 49 69 00 02 Brigade de Parthenay : 05 49 95 26 17<\/p>\n\n\n\n<h2 class=\"wp-block-heading\">Les assistantes maternelles<\/h2>\n\n\n\n<figure class=\"wp-block-table is-style-stripes\"><table><tbody><tr><td>Mme Cynthia BELLAN<\/td><td>43, rue de la poste&nbsp;<\/td><td>&nbsp;05.16.82.04.61<\/td><td><a href=\"https:\/\/www.facebook.com\/titia.manounou\" target=\"_blank\" rel=\"noreferrer noopener\">&nbsp;https:\/\/www.facebook.com\/titia.manounou<\/a><\/td><\/tr><tr><td>Mme Marie JEAUNEAU<\/td><td>8 bis av. de la grande auberge<\/td><td>06.83.51.74.17<\/td><td><br><\/td><\/tr><tr><td>Mme Ludivine SENILLON<\/td><td>17, rue Jo\u00ebl Chausseray<\/td><td>06.77.10.77.86<\/td><td><br><\/td><\/tr><\/tbody><\/table><\/figure>\n\n\n\n<h2 class=\"wp-block-heading\">L\u2019accueil p\u00e9riscolaire du RPI<\/h2>\n\n\n\n<p>Horaires&nbsp;: lundi-mardi-jeudi-vendredi de 7 h 30 \u00e0 8 h 45 et de 16 h 30 \u00e0 18 h 30<br>T\u00e9l\u00e9phone&nbsp;: 05.49.70.22.22<br><br>Pour les tarifs, s&rsquo;adresser \u00e0 l\u2019antenne CCPG de M\u00e9nigoute 05.49.69.13.18<br><br><strong>Les horaires du transport scolaire<\/strong><\/p>\n\n\n\n<p>&nbsp;&nbsp; &nbsp;&nbsp;&nbsp; &nbsp;&nbsp;&nbsp; &nbsp;<strong>Coll\u00e8ge (vers Parthenay) Coll\u00e8ge (vers M\u00e9nigoute)<\/strong><br>&nbsp;&nbsp; &nbsp;&nbsp;&nbsp; &nbsp;&nbsp;&nbsp; &nbsp;&nbsp;&nbsp; &nbsp;&nbsp;&nbsp; &nbsp;matin 7 h 15 (d\u00e9part) matin 7 h 30 (d\u00e9part)<br>&nbsp;&nbsp; &nbsp;&nbsp;&nbsp; &nbsp;&nbsp;&nbsp; &nbsp;&nbsp;&nbsp; &nbsp;&nbsp;&nbsp; &nbsp;soir 18 h 30 (retour) soir&nbsp; 18 h 05 (retour)<\/p>\n","protected":false},"excerpt":{"rendered":"<p>SECRETARIAT DE MAIRIE&nbsp;: ACC\u00c8S PAR LA PLACE DE LA MAIRIE (bo\u00eete aux lettres fix\u00e9e \u00e0 droite de l\u2019entr\u00e9e) Secr\u00e9taire : Mme Corinne Valloo N\u00b0 T\u00e9l.&nbsp;(enregistreur):&hellip;<\/p>\n","protected":false},"author":1,"featured_media":0,"parent":42,"menu_order":0,"comment_status":"closed","ping_status":"closed","template":"","meta":{"footnotes":""},"class_list":["post-2","page","type-page","status-publish","hentry"],"_links":{"self":[{"href":"https:\/\/www.mairie-reffannes.fr\/index.php\/wp-json\/wp\/v2\/pages\/2","targetHints":{"allow":["GET"]}}],"collection":[{"href":"https:\/\/www.mairie-reffannes.fr\/index.php\/wp-json\/wp\/v2\/pages"}],"about":[{"href":"https:\/\/www.mairie-reffannes.fr\/index.php\/wp-json\/wp\/v2\/types\/page"}],"author":[{"embeddable":true,"href":"https:\/\/www.mairie-reffannes.fr\/index.php\/wp-json\/wp\/v2\/users\/1"}],"replies":[{"embeddable":true,"href":"https:\/\/www.mairie-reffannes.fr\/index.php\/wp-json\/wp\/v2\/comments?post=2"}],"version-history":[{"count":8,"href":"https:\/\/www.mairie-reffannes.fr\/index.php\/wp-json\/wp\/v2\/pages\/2\/revisions"}],"predecessor-version":[{"id":415,"href":"https:\/\/www.mairie-reffannes.fr\/index.php\/wp-json\/wp\/v2\/pages\/2\/revisions\/415"}],"up":[{"embeddable":true,"href":"https:\/\/www.mairie-reffannes.fr\/index.php\/wp-json\/wp\/v2\/pages\/42"}],"wp:attachment":[{"href":"https:\/\/www.mairie-reffannes.fr\/index.php\/wp-json\/wp\/v2\/media?parent=2"}],"curies":[{"name":"wp","href":"https:\/\/api.w.org\/{rel}","templated":true}]}}